{"id":103,"date":"2025-10-23T16:43:41","date_gmt":"2025-10-23T16:43:41","guid":{"rendered":"https:\/\/price.ho-shi.com\/?page_id=103"},"modified":"2025-10-23T17:17:24","modified_gmt":"2025-10-23T17:17:24","slug":"%e0%b9%80%e0%b8%97%e0%b8%b5%e0%b8%a2%e0%b8%9a%e0%b8%82%e0%b8%99%e0%b8%b2%e0%b8%94%e0%b8%aa%e0%b8%81%e0%b8%a3%e0%b8%b5%e0%b8%99","status":"publish","type":"page","link":"https:\/\/price.ho-shi.com\/?page_id=103","title":{"rendered":"\u0e40\u0e17\u0e35\u0e22\u0e1a\u0e02\u0e19\u0e32\u0e14\u0e2a\u0e01\u0e23\u0e35\u0e19"},"content":{"rendered":"<div class=\"wpb-content-wrapper\"><p>[vc_row][vc_column][vc_column_text css=&#8221;&#8221;]<\/p>\n<h2>\ud83d\udccf \u0e02\u0e19\u0e32\u0e14\u0e44\u0e0b\u0e2a\u0e4c\u0e01\u0e23\u0e35\u0e19 (\u0e01\u0e27\u0e49\u0e32\u0e07 \u00d7 \u0e2a\u0e39\u0e07)<\/h2>\n<table style=\"border-collapse: collapse; width: 100%; text-align: center;\" border=\"1\" cellspacing=\"0\" cellpadding=\"6\">\n<thead style=\"background-color: #222; color: #fff;\">\n<tr>\n<th>\u0e44\u0e0b\u0e2a\u0e4c<\/th>\n<th>\u0e40\u0e0b\u0e19\u0e15\u0e34\u0e40\u0e21\u0e15\u0e23 (\u0e0b\u0e21.)<\/th>\n<th>\u0e19\u0e34\u0e49\u0e27 (inch)<\/th>\n<\/tr>\n<\/thead>\n<tbody>\n<tr style=\"background-color: #ffffff;\">\n<td>A7<\/td>\n<td>7.4 \u00d7 10.5<\/td>\n<td>2.91 \u00d7 4.13<\/td>\n<\/tr>\n<tr style=\"background-color: #f6f7f8;\">\n<td>A6<\/td>\n<td>10.5 \u00d7 14.8<\/td>\n<td>4.13 \u00d7 5.83<\/td>\n<\/tr>\n<tr style=\"background-color: #ffffff;\">\n<td>A5<\/td>\n<td>14.8 \u00d7 21.0<\/td>\n<td>5.83 \u00d7 8.27<\/td>\n<\/tr>\n<tr style=\"background-color: #f6f7f8;\">\n<td>A4<\/td>\n<td>21.0 \u00d7 29.7<\/td>\n<td>8.27 \u00d7 11.69<\/td>\n<\/tr>\n<tr style=\"background-color: #ffffff;\">\n<td>A4+<\/td>\n<td>22.0 \u00d7 32.0<\/td>\n<td>8.66 \u00d7 12.60<\/td>\n<\/tr>\n<tr style=\"background-color: #f6f7f8;\">\n<td>A3<\/td>\n<td>29.7 \u00d7 42.0<\/td>\n<td>11.69 \u00d7 16.54<\/td>\n<\/tr>\n<tr style=\"background-color: #ffffff;\">\n<td>A3+<\/td>\n<td>32.0 \u00d7 48.0<\/td>\n<td>12.60 \u00d7 18.90<\/td>\n<\/tr>\n<tr style=\"background-color: #f6f7f8;\">\n<td>A2<\/td>\n<td>42.0 \u00d7 59.4<\/td>\n<td>16.54 \u00d7 23.39<\/td>\n<\/tr>\n<\/tbody>\n<\/table>\n<p>[\/vc_column_text][vc_column_text css=&#8221;&#8221;]<\/p>\n<h2>\ud83d\udccd \u0e15\u0e33\u0e41\u0e2b\u0e19\u0e48\u0e07\u0e2a\u0e01\u0e23\u0e35\u0e19\u0e40\u0e2a\u0e37\u0e49\u0e2d\u0e22\u0e37\u0e14<\/h2>\n<p><!-- \u0e14\u0e49\u0e32\u0e19\u0e2b\u0e19\u0e49\u0e32 --><\/p>\n<h3>\ud83e\ude75 \u0e14\u0e49\u0e32\u0e19\u0e2b\u0e19\u0e49\u0e32 (Front)<\/h3>\n<table style=\"border-collapse: collapse; width: 100%; text-align: center;\" border=\"1\" cellspacing=\"0\" cellpadding=\"6\">\n<thead style=\"background-color: #222; color: #fff;\">\n<tr>\n<th>\u0e15\u0e33\u0e41\u0e2b\u0e19\u0e48\u0e07<\/th>\n<th>\u0e04\u0e33\u0e2d\u0e18\u0e34\u0e1a\u0e32\u0e22<\/th>\n<th>\u0e02\u0e19\u0e32\u0e14\u0e41\u0e19\u0e30\u0e19\u0e33<\/th>\n<\/tr>\n<\/thead>\n<tbody>\n<tr style=\"background-color: #ffffff;\">\n<td>\u0e2d\u0e01\u0e0b\u0e49\u0e32\u0e22 (Chest Left)<\/td>\n<td>\u0e19\u0e34\u0e22\u0e21\u0e21\u0e32\u0e01\u0e17\u0e35\u0e48\u0e2a\u0e38\u0e14 \u0e43\u0e0a\u0e49\u0e2a\u0e33\u0e2b\u0e23\u0e31\u0e1a\u0e42\u0e25\u0e42\u0e01\u0e49\u0e41\u0e1a\u0e23\u0e19\u0e14\u0e4c \u0e0a\u0e37\u0e48\u0e2d\u0e23\u0e49\u0e32\u0e19 \u0e2b\u0e23\u0e37\u0e2d\u0e2a\u0e31\u0e0d\u0e25\u0e31\u0e01\u0e29\u0e13\u0e4c<\/td>\n<td>A7 \u2013 A6 (7\u00d710.5 \u0e16\u0e36\u0e07 10.5\u00d714.8 \u0e0b\u0e21.)<\/td>\n<\/tr>\n<tr style=\"background-color: #f6f7f8;\">\n<td>\u0e2d\u0e01\u0e02\u0e27\u0e32 (Chest Right)<\/td>\n<td>\u0e21\u0e31\u0e01\u0e43\u0e0a\u0e49\u0e04\u0e39\u0e48\u0e01\u0e31\u0e1a\u0e2d\u0e01\u0e0b\u0e49\u0e32\u0e22 \u0e40\u0e0a\u0e48\u0e19 \u0e42\u0e25\u0e42\u0e01\u0e49 + \u0e0a\u0e37\u0e48\u0e2d\u0e17\u0e35\u0e21<\/td>\n<td>A7 \u2013 A6<\/td>\n<\/tr>\n<tr style=\"background-color: #ffffff;\">\n<td>\u0e01\u0e25\u0e32\u0e07\u0e2b\u0e19\u0e49\u0e32\u0e2d\u0e01 (Center Chest)<\/td>\n<td>\u0e08\u0e38\u0e14\u0e40\u0e14\u0e48\u0e19\u0e17\u0e35\u0e48\u0e2a\u0e38\u0e14 \u0e40\u0e2b\u0e21\u0e32\u0e30\u0e01\u0e31\u0e1a\u0e25\u0e32\u0e22\u0e2b\u0e25\u0e31\u0e01\u0e2b\u0e23\u0e37\u0e2d\u0e15\u0e31\u0e27\u0e2d\u0e31\u0e01\u0e29\u0e23\u0e43\u0e2b\u0e0d\u0e48<\/td>\n<td>A5 \u2013 A4<\/td>\n<\/tr>\n<tr style=\"background-color: #f6f7f8;\">\n<td>\u0e43\u0e15\u0e49\u0e2b\u0e19\u0e49\u0e32\u0e2d\u0e01 \/ \u0e17\u0e49\u0e2d\u0e07 (Lower Front)<\/td>\n<td>\u0e43\u0e0a\u0e49\u0e43\u0e19\u0e07\u0e32\u0e19\u0e41\u0e1f\u0e0a\u0e31\u0e48\u0e19\u0e2b\u0e23\u0e37\u0e2d\u0e25\u0e32\u0e22\u0e41\u0e19\u0e27\u0e19\u0e2d\u0e19<\/td>\n<td>A4 \u2013 A3<\/td>\n<\/tr>\n<tr style=\"background-color: #ffffff;\">\n<td>\u0e21\u0e38\u0e21\u0e25\u0e48\u0e32\u0e07\u0e02\u0e27\u0e32 (Bottom Right)<\/td>\n<td>\u0e15\u0e33\u0e41\u0e2b\u0e19\u0e48\u0e07\u0e40\u0e25\u0e47\u0e01\u0e2a\u0e33\u0e2b\u0e23\u0e31\u0e1a\u0e42\u0e25\u0e42\u0e01\u0e49\u0e23\u0e2d\u0e07\u0e2b\u0e23\u0e37\u0e2d\u0e25\u0e32\u0e22\u0e0b\u0e48\u0e2d\u0e19<\/td>\n<td>A7 \u2013 A6<\/td>\n<\/tr>\n<\/tbody>\n<\/table>\n<p><!-- \u0e14\u0e49\u0e32\u0e19\u0e2b\u0e25\u0e31\u0e07 --><\/p>\n<h3>\ud83d\udc9a \u0e14\u0e49\u0e32\u0e19\u0e2b\u0e25\u0e31\u0e07 (Back)<\/h3>\n<table style=\"border-collapse: collapse; width: 100%; text-align: center;\" border=\"1\" cellspacing=\"0\" cellpadding=\"6\">\n<thead style=\"background-color: #222; color: #fff;\">\n<tr>\n<th>\u0e15\u0e33\u0e41\u0e2b\u0e19\u0e48\u0e07<\/th>\n<th>\u0e04\u0e33\u0e2d\u0e18\u0e34\u0e1a\u0e32\u0e22<\/th>\n<th>\u0e02\u0e19\u0e32\u0e14\u0e41\u0e19\u0e30\u0e19\u0e33<\/th>\n<\/tr>\n<\/thead>\n<tbody>\n<tr style=\"background-color: #ffffff;\">\n<td>\u0e01\u0e25\u0e32\u0e07\u0e2b\u0e25\u0e31\u0e07 (Full Back)<\/td>\n<td>\u0e19\u0e34\u0e22\u0e21\u0e43\u0e19\u0e40\u0e2a\u0e37\u0e49\u0e2d\u0e17\u0e35\u0e21 \u0e40\u0e2a\u0e37\u0e49\u0e2d\u0e04\u0e2d\u0e19\u0e40\u0e2a\u0e34\u0e23\u0e4c\u0e15 \u0e25\u0e32\u0e22\u0e2b\u0e25\u0e31\u0e01<\/td>\n<td>A3 \u2013 A2<\/td>\n<\/tr>\n<tr style=\"background-color: #f6f7f8;\">\n<td>\u0e40\u0e2b\u0e19\u0e37\u0e2d\u0e44\u0e2b\u0e25\u0e48 (Upper Back \/ Nape)<\/td>\n<td>\u0e21\u0e31\u0e01\u0e43\u0e2a\u0e48\u0e0a\u0e37\u0e48\u0e2d\u0e17\u0e35\u0e21 \u0e42\u0e25\u0e42\u0e01\u0e49 \u0e2b\u0e23\u0e37\u0e2d\u0e40\u0e27\u0e47\u0e1a\u0e44\u0e0b\u0e15\u0e4c<\/td>\n<td>A6 \u2013 A5<\/td>\n<\/tr>\n<tr style=\"background-color: #ffffff;\">\n<td>\u0e25\u0e48\u0e32\u0e07\u0e2b\u0e25\u0e31\u0e07 (Lower Back)<\/td>\n<td>\u0e43\u0e0a\u0e49\u0e43\u0e19\u0e07\u0e32\u0e19\u0e41\u0e1f\u0e0a\u0e31\u0e48\u0e19 \u0e25\u0e32\u0e22\u0e0b\u0e49\u0e33 \u0e2b\u0e23\u0e37\u0e2d\u0e15\u0e31\u0e27\u0e2b\u0e19\u0e31\u0e07\u0e2a\u0e37\u0e2d\u0e41\u0e19\u0e27\u0e19\u0e2d\u0e19<\/td>\n<td>A4<\/td>\n<\/tr>\n<\/tbody>\n<\/table>\n<p><!-- \u0e41\u0e02\u0e19\u0e40\u0e2a\u0e37\u0e49\u0e2d --><\/p>\n<h3>\ud83e\ude77 \u0e41\u0e02\u0e19\u0e40\u0e2a\u0e37\u0e49\u0e2d (Sleeves)<\/h3>\n<table style=\"border-collapse: collapse; width: 100%; text-align: center;\" border=\"1\" cellspacing=\"0\" cellpadding=\"6\">\n<thead style=\"background-color: #222; color: #fff;\">\n<tr>\n<th>\u0e15\u0e33\u0e41\u0e2b\u0e19\u0e48\u0e07<\/th>\n<th>\u0e04\u0e33\u0e2d\u0e18\u0e34\u0e1a\u0e32\u0e22<\/th>\n<th>\u0e02\u0e19\u0e32\u0e14\u0e41\u0e19\u0e30\u0e19\u0e33<\/th>\n<\/tr>\n<\/thead>\n<tbody>\n<tr style=\"background-color: #ffffff;\">\n<td>\u0e41\u0e02\u0e19\u0e0b\u0e49\u0e32\u0e22 (Left Sleeve)<\/td>\n<td>\u0e43\u0e2a\u0e48\u0e42\u0e25\u0e42\u0e01\u0e49\u0e23\u0e2d\u0e07 \u0e18\u0e07\u0e0a\u0e32\u0e15\u0e34 \u0e2b\u0e23\u0e37\u0e2d QR code<\/td>\n<td>A7 \u2013 A6<\/td>\n<\/tr>\n<tr style=\"background-color: #f6f7f8;\">\n<td>\u0e41\u0e02\u0e19\u0e02\u0e27\u0e32 (Right Sleeve)<\/td>\n<td>\u0e43\u0e2a\u0e48\u0e0a\u0e37\u0e48\u0e2d\u0e17\u0e35\u0e21 \u0e2b\u0e23\u0e37\u0e2d\u0e25\u0e32\u0e22\u0e40\u0e2a\u0e23\u0e34\u0e21\u0e2d\u0e35\u0e01\u0e14\u0e49\u0e32\u0e19<\/td>\n<td>A7 \u2013 A6<\/td>\n<\/tr>\n<\/tbody>\n<\/table>\n<p><!-- \u0e2d\u0e37\u0e48\u0e19 \u0e46 --><\/p>\n<h3>\ud83d\udc9b \u0e2d\u0e37\u0e48\u0e19 \u0e46<\/h3>\n<table style=\"border-collapse: collapse; width: 100%; text-align: center;\" border=\"1\" cellspacing=\"0\" cellpadding=\"6\">\n<thead style=\"background-color: #222; color: #fff;\">\n<tr>\n<th>\u0e15\u0e33\u0e41\u0e2b\u0e19\u0e48\u0e07<\/th>\n<th>\u0e04\u0e33\u0e2d\u0e18\u0e34\u0e1a\u0e32\u0e22<\/th>\n<th>\u0e02\u0e19\u0e32\u0e14\u0e41\u0e19\u0e30\u0e19\u0e33<\/th>\n<\/tr>\n<\/thead>\n<tbody>\n<tr style=\"background-color: #ffffff;\">\n<td>\u0e1b\u0e01\u0e40\u0e2a\u0e37\u0e49\u0e2d\u0e2b\u0e25\u0e31\u0e07 (Nape Tag \/ Collar Inside)<\/td>\n<td>\u0e41\u0e17\u0e19\u0e1b\u0e49\u0e32\u0e22 Tag \u0e43\u0e0a\u0e49\u0e1e\u0e34\u0e21\u0e1e\u0e4c\u0e42\u0e25\u0e42\u0e01\u0e49\u0e41\u0e25\u0e30\u0e44\u0e0b\u0e2a\u0e4c<\/td>\n<td>A7<\/td>\n<\/tr>\n<tr style=\"background-color: #f6f7f8;\">\n<td>\u0e0a\u0e32\u0e22\u0e40\u0e2a\u0e37\u0e49\u0e2d (Hem \/ Bottom Tag)<\/td>\n<td>\u0e42\u0e25\u0e42\u0e01\u0e49\u0e40\u0e25\u0e47\u0e01\u0e43\u0e15\u0e49\u0e02\u0e2d\u0e1a\u0e40\u0e2a\u0e37\u0e49\u0e2d \u0e2a\u0e33\u0e2b\u0e23\u0e31\u0e1a\u0e41\u0e1a\u0e23\u0e19\u0e14\u0e4c<\/td>\n<td>A7<\/td>\n<\/tr>\n<tr style=\"background-color: #ffffff;\">\n<td>\u0e14\u0e49\u0e32\u0e19\u0e02\u0e49\u0e32\u0e07\u0e40\u0e2a\u0e37\u0e49\u0e2d (Side Print)<\/td>\n<td>\u0e25\u0e32\u0e22\u0e41\u0e19\u0e27\u0e15\u0e31\u0e49\u0e07 \u0e15\u0e31\u0e27\u0e2b\u0e19\u0e31\u0e07\u0e2a\u0e37\u0e2d\u0e22\u0e32\u0e27 \u0e2b\u0e23\u0e37\u0e2d\u0e02\u0e49\u0e2d\u0e04\u0e27\u0e32\u0e21\u0e14\u0e35\u0e44\u0e0b\u0e19\u0e4c<\/td>\n<td>A4 \u0e41\u0e19\u0e27\u0e15\u0e31\u0e49\u0e07<\/td>\n<\/tr>\n<\/tbody>\n<\/table>\n<p>[\/vc_column_text][vc_single_image image=&#8221;106&#8243; img_size=&#8221;full&#8221;][vc_single_image image=&#8221;109&#8243; img_size=&#8221;full&#8221; css=&#8221;&#8221;][\/vc_column][\/vc_row]<\/p>\n<\/div>","protected":false},"excerpt":{"rendered":"<p>[vc_row][vc_column][vc_column_text css=&#8221;&#8221;] \ud83d\udccf \u0e02\u0e19\u0e32\u0e14\u0e44\u0e0b\u0e2a\u0e4c\u0e01\u0e23\u0e35\u0e19 (\u0e01\u0e27\u0e49\u0e32\u0e07 \u00d7 \u0e2a\u0e39\u0e07) \u0e44\u0e0b\u0e2a\u0e4c \u0e40\u0e0b\u0e19\u0e15\u0e34\u0e40\u0e21\u0e15\u0e23 (\u0e0b\u0e21.) \u0e19\u0e34\u0e49\u0e27 (inch) A7 7.4 \u00d7 10.5 2.91 \u00d7 4.13 A6 10.5 \u00d7 14.8 4.13 \u00d7 5.83 A5 14.8 \u00d7 21.0 5.83 \u00d7 8.27 A4 21.0 \u00d7 29.7 8.27 \u00d7 11.69 A4+ 22.0 \u00d7 32.0 8.66 \u00d7 12.60 A3 29.7 \u00d7 42.0 11.69 \u00d7 16.54 A3+ [&hellip;]<\/p>\n","protected":false},"author":1,"featured_media":0,"parent":0,"menu_order":0,"comment_status":"closed","ping_status":"closed","template":"","meta":{"footnotes":""},"class_list":["post-103","page","type-page","status-publish","hentry"],"_links":{"self":[{"href":"https:\/\/price.ho-shi.com\/index.php?rest_route=\/wp\/v2\/pages\/103","targetHints":{"allow":["GET"]}}],"collection":[{"href":"https:\/\/price.ho-shi.com\/index.php?rest_route=\/wp\/v2\/pages"}],"about":[{"href":"https:\/\/price.ho-shi.com\/index.php?rest_route=\/wp\/v2\/types\/page"}],"author":[{"embeddable":true,"href":"https:\/\/price.ho-shi.com\/index.php?rest_route=\/wp\/v2\/users\/1"}],"replies":[{"embeddable":true,"href":"https:\/\/price.ho-shi.com\/index.php?rest_route=%2Fwp%2Fv2%2Fcomments&post=103"}],"version-history":[{"count":0,"href":"https:\/\/price.ho-shi.com\/index.php?rest_route=\/wp\/v2\/pages\/103\/revisions"}],"wp:attachment":[{"href":"https:\/\/price.ho-shi.com\/index.php?rest_route=%2Fwp%2Fv2%2Fmedia&parent=103"}],"curies":[{"name":"wp","href":"https:\/\/api.w.org\/{rel}","templated":true}]}}